{"id":13,"date":"2025-07-03T14:11:10","date_gmt":"2025-07-03T12:11:10","guid":{"rendered":"http:\/\/winternitzmedia.de\/wm\/?page_id=13"},"modified":"2025-07-09T11:07:06","modified_gmt":"2025-07-09T09:07:06","slug":"public-relations","status":"publish","type":"page","link":"https:\/\/winternitzmedia.de\/wm\/public-relations\/","title":{"rendered":"Public Relations"},"content":{"rendered":"\n<figure class=\"wp-block-image size-full\"><img loading=\"lazy\" decoding=\"async\" width=\"1130\" height=\"100\" src=\"https:\/\/winternitzmedia.de\/wm\/wp-content\/uploads\/2025\/07\/1130_sitetitle_pr.jpg\" alt=\"\" class=\"wp-image-155\" srcset=\"https:\/\/winternitzmedia.de\/wm\/wp-content\/uploads\/2025\/07\/1130_sitetitle_pr.jpg 1130w, https:\/\/winternitzmedia.de\/wm\/wp-content\/uploads\/2025\/07\/1130_sitetitle_pr-300x27.jpg 300w, https:\/\/winternitzmedia.de\/wm\/wp-content\/uploads\/2025\/07\/1130_sitetitle_pr-1024x91.jpg 1024w, https:\/\/winternitzmedia.de\/wm\/wp-content\/uploads\/2025\/07\/1130_sitetitle_pr-768x68.jpg 768w\" sizes=\"auto, (max-width: 1130px) 100vw, 1130px\" \/><\/figure>\n\n\n\n<figure class=\"wp-block-image size-full\"><img loading=\"lazy\" decoding=\"async\" width=\"1200\" height=\"803\" src=\"https:\/\/winternitzmedia.de\/wm\/wp-content\/uploads\/2025\/07\/1200_pr_bild.jpg\" alt=\"\" class=\"wp-image-398\" srcset=\"https:\/\/winternitzmedia.de\/wm\/wp-content\/uploads\/2025\/07\/1200_pr_bild.jpg 1200w, https:\/\/winternitzmedia.de\/wm\/wp-content\/uploads\/2025\/07\/1200_pr_bild-300x201.jpg 300w, https:\/\/winternitzmedia.de\/wm\/wp-content\/uploads\/2025\/07\/1200_pr_bild-1024x685.jpg 1024w, https:\/\/winternitzmedia.de\/wm\/wp-content\/uploads\/2025\/07\/1200_pr_bild-768x514.jpg 768w\" sizes=\"auto, (max-width: 1200px) 100vw, 1200px\" \/><\/figure>\n\n\n\n<p><strong>Die richtigen Worte zu finden, ist f\u00fcr uns ein allt\u00e4gliches Gesch\u00e4ft. <\/strong>Dabei ist es egal, ob Sie ein neues Produkt vorstellen, Branchennews platzieren oder konsequente Unterst\u00fctzung bei Ihrer Pressearbeit ben\u00f6tigen. <strong>Wir formulieren, korrigieren, texten, dominieren und faszinieren.<\/strong> Profitieren Sie von unserer langj\u00e4hrigen Erfahrung bei der Pressearbeit und nutzen Sie unsere Kontakte. So werden Ihre News reichweitenstark platziert und pr\u00e4sentiert.<\/p>\n\n\n\n<p>Gerade im Internet ist die <strong>\u00d6ffentlichkeitsarbeit f\u00fcr Beh\u00f6rden, Liegenschaftsverwaltern, Investoren, Stiftungen und Vereinen<\/strong> von hoher Relevanz zur Steigerung der Bekanntheit und Glaubw\u00fcrdigkeit. Mit gutem Inhalt und professionell gestalteten Marketing-Aktionen werden Sie in den Medien reichweitenstark wahrgenommen. Mit der richtigen Strategie &#8211; <strong>f\u00fcr Sie zu jeder Zeit transparent erarbeitet<\/strong> &#8211; erhalten Sie kostenlose Aufmerksamkeit, denn nicht nur f\u00fcr kleine und mittlere Unternehmen spielt der Kostenfaktor im Marketing-Budget heute eine wesentliche Rolle. Mit einem guten Konzept, ma\u00dfgeschneiderter Pressearbeit und unserem Know-how erreichen Sie mehr als mit einer ausgekl\u00fcgelten Social-Media-Marketing-Strategie.<\/p>\n\n\n\n<p><strong>Guter Inhalt muss faszinieren und weitererz\u00e4hlt werden!<\/strong> F\u00fcr unser Engagement in diesem Bereich wurden wir bereits ausgezeichnet. Profitieren Sie von unserer Erfahrung. <strong>Durch beste Medienkontakte aus 20 Jahren Medienarbeit bringen wir Ihre Themen in die relevanten Medien (Print, Online &#8211; auch crossmedial).<\/strong> Mit viel journalistischer Kreativit\u00e4t und Kompetenz sp\u00fcren wir zugkr\u00e4ftige Aufh\u00e4nger f\u00fcr Sie auf und schaffen eigene Anl\u00e4sse f\u00fcr die Berichterstattung.<\/p>\n\n\n\n<p><strong>Sichtbarkeit schaffen, Interesse wecken, Meinungen beeinflussen<\/strong> \u2013 das ist das Ziel vieler Unternehmen. Doch oft fehlt es an relevanten Themen und \u00fcberzeugenden Inhalten, um diese Ziele wirklich zu erreichen. Kommt Ihnen das bekannt vor? <strong>Dann sollten wir ins Gespr\u00e4ch kommen.<\/strong><\/p>\n\n\n\n<p><strong>Moderne Kommunikation verlangt nach frischen Ideen und ma\u00dfgeschneiderten Konzepten. <\/strong>Als Agentur f\u00fcr Kommunikation setzen wir nicht auf Standardl\u00f6sungen, sondern entwickeln individuelle Strategien, die genau zu Ihrem Unternehmen passen.<\/p>\n\n\n\n<p><strong>Unser Anspruch: Inhalte mit Substanz, die Aufmerksamkeit erzeugen, Gespr\u00e4che ansto\u00dfen und in Erinnerung bleiben<\/strong>. Wir identifizieren spannende Themen, erz\u00e4hlen sie kreativ und platzieren sie gezielt \u2013 f\u00fcr eine nachhaltige Wirkung in der \u00d6ffentlichkeit.<\/p>\n","protected":false},"excerpt":{"rendered":"<p>Die richtigen Worte zu finden, ist f\u00fcr uns ein allt\u00e4gliches Gesch\u00e4ft. Dabei ist es egal, ob Sie ein neues Produkt vorstellen, Branchennews platzieren oder konsequente Unterst\u00fctzung bei Ihrer Pressearbeit ben\u00f6tigen. Wir formulieren, korrigieren, texten, dominieren und faszinieren. Profitieren Sie von<\/p>\n","protected":false},"author":1,"featured_media":0,"parent":0,"menu_order":0,"comment_status":"closed","ping_status":"closed","template":"","meta":{"ngg_post_thumbnail":0,"footnotes":""},"class_list":["post-13","page","type-page","status-publish","hentry"],"_links":{"self":[{"href":"https:\/\/winternitzmedia.de\/wm\/wp-json\/wp\/v2\/pages\/13","targetHints":{"allow":["GET"]}}],"collection":[{"href":"https:\/\/winternitzmedia.de\/wm\/wp-json\/wp\/v2\/pages"}],"about":[{"href":"https:\/\/winternitzmedia.de\/wm\/wp-json\/wp\/v2\/types\/page"}],"author":[{"embeddable":true,"href":"https:\/\/winternitzmedia.de\/wm\/wp-json\/wp\/v2\/users\/1"}],"replies":[{"embeddable":true,"href":"https:\/\/winternitzmedia.de\/wm\/wp-json\/wp\/v2\/comments?post=13"}],"version-history":[{"count":8,"href":"https:\/\/winternitzmedia.de\/wm\/wp-json\/wp\/v2\/pages\/13\/revisions"}],"predecessor-version":[{"id":401,"href":"https:\/\/winternitzmedia.de\/wm\/wp-json\/wp\/v2\/pages\/13\/revisions\/401"}],"wp:attachment":[{"href":"https:\/\/winternitzmedia.de\/wm\/wp-json\/wp\/v2\/media?parent=13"}],"curies":[{"name":"wp","href":"https:\/\/api.w.org\/{rel}","templated":true}]}}