{"id":15,"date":"2025-07-03T14:12:26","date_gmt":"2025-07-03T12:12:26","guid":{"rendered":"http:\/\/winternitzmedia.de\/wm\/?page_id=15"},"modified":"2025-07-17T09:37:36","modified_gmt":"2025-07-17T07:37:36","slug":"verlag","status":"publish","type":"page","link":"https:\/\/winternitzmedia.de\/wm\/verlag\/","title":{"rendered":"Agentur"},"content":{"rendered":"\n<figure class=\"wp-block-image size-full\"><img loading=\"lazy\" decoding=\"async\" width=\"1130\" height=\"100\" src=\"https:\/\/winternitzmedia.de\/wm\/wp-content\/uploads\/2025\/07\/1130_sitetitle_agentur.jpg\" alt=\"\" class=\"wp-image-147\" srcset=\"https:\/\/winternitzmedia.de\/wm\/wp-content\/uploads\/2025\/07\/1130_sitetitle_agentur.jpg 1130w, https:\/\/winternitzmedia.de\/wm\/wp-content\/uploads\/2025\/07\/1130_sitetitle_agentur-300x27.jpg 300w, https:\/\/winternitzmedia.de\/wm\/wp-content\/uploads\/2025\/07\/1130_sitetitle_agentur-1024x91.jpg 1024w, https:\/\/winternitzmedia.de\/wm\/wp-content\/uploads\/2025\/07\/1130_sitetitle_agentur-768x68.jpg 768w\" sizes=\"auto, (max-width: 1130px) 100vw, 1130px\" \/><\/figure>\n\n\n\n<figure class=\"wp-block-image size-full\"><img loading=\"lazy\" decoding=\"async\" width=\"1200\" height=\"803\" src=\"https:\/\/winternitzmedia.de\/wm\/wp-content\/uploads\/2025\/07\/laptop-2557615_1280.jpg\" alt=\"\" class=\"wp-image-437\" srcset=\"https:\/\/winternitzmedia.de\/wm\/wp-content\/uploads\/2025\/07\/laptop-2557615_1280.jpg 1200w, https:\/\/winternitzmedia.de\/wm\/wp-content\/uploads\/2025\/07\/laptop-2557615_1280-300x201.jpg 300w, https:\/\/winternitzmedia.de\/wm\/wp-content\/uploads\/2025\/07\/laptop-2557615_1280-1024x685.jpg 1024w, https:\/\/winternitzmedia.de\/wm\/wp-content\/uploads\/2025\/07\/laptop-2557615_1280-768x514.jpg 768w\" sizes=\"auto, (max-width: 1200px) 100vw, 1200px\" \/><\/figure>\n\n\n\n<p>winternitzmedia produziert seit mehr als 20 Jahren professionelle Fotoaufnahmen f\u00fcr <strong>Architekturb\u00fcros, Innenarchitekten, Bauplaner, Bautr\u00e4ger, Immobilienverwerter, Immobilieneigent\u00fcmer, Denkmal- und Liegenschafts\u00e4mter, St\u00e4dte und Gemeinden sowie Vereine und Initiativen<\/strong>. Unsere fotografischen Arbeiten umfassen die Ressorts <strong>Architekturfotografie, Bau- und R\u00fcckbaudokumentation, Immobilienaufnahmen, Interieurfotografie, Baustellenfotografie, Geb\u00e4udeaufnahmen, denkmalpflegerische Fotodokumentation sowie Restaurierungs- bzw. Sanierungsdokumentation<\/strong>.<\/p>\n\n\n\n<p>winternitzmedia steht f\u00fcr <strong>hochwertige, journalistisch fundierte und visuell anspruchsvolle Inhalte<\/strong> \u2013 produziert mit Sorgfalt, Kreativit\u00e4t und einem tiefen Verst\u00e4ndnis f\u00fcr unsere Themen. Unser Slogan <strong>\u201econtent. made with love.\u201c<\/strong> ist nicht blo\u00df ein Versprechen, sondern der Leitgedanke unserer Arbeit: Wir schaffen Content mit Haltung, Authentizit\u00e4t und Substanz.<\/p>\n\n\n\n<p><strong>Onlineportale mit Profil und Relevanz<\/strong><\/p>\n\n\n\n<p>Mit unseren reichweitenstarken Plattformen rottenplaces.de und krisenradar.org bieten wir fundierte journalistische Angebote zu gesellschaftlich hochaktuellen Themen.<\/p>\n\n\n\n<p><a href=\"https:\/\/www.rottenplaces.de\" target=\"_blank\" rel=\"noreferrer noopener\">rottenplaces.de<\/a> ist eines der f\u00fchrenden deutschsprachigen Onlineportale f\u00fcr Baugeschichte, Denkmalschutz und Industriekultur.<\/p>\n\n\n\n<p><a href=\"https:\/\/www.krisenradar.org\" target=\"_blank\" rel=\"noreferrer noopener\">krisenradar.org<\/a> liefert faktenbasierte Analysen, Hintergrundberichte und Einordnungen zu Krisen, Katastrophenschutz, gesellschaftlicher Resilienz und Sicherheitspolitik.<\/p>\n\n\n\n<p>Beide Portale arbeiten redaktionell unabh\u00e4ngig, tiefgr\u00fcndig und visuell auf h\u00f6chstem Niveau.<\/p>\n\n\n\n<p><strong>Architekturfotografie &amp; Baudokumentation<\/strong><\/p>\n\n\n\n<p>In der Architekturfotografie und Fotodokumentation verbinden wir \u00c4sthetik mit Pr\u00e4zision. Wir erfassen Bauten in ihrer r\u00e4umlichen Wirkung, ihrem historischen Kontext oder w\u00e4hrend komplexer Sanierungs- und Bauphasen.<br>Ob Denkmal, Neubau, Umbau oder st\u00e4dtebauliches Ensemble \u2013 unsere Bilder transportieren Idee, Materialit\u00e4t und Atmosph\u00e4re.<\/p>\n\n\n\n<p><strong>Public Relations &amp; Content Services<\/strong><\/p>\n\n\n\n<p>Wir beraten Bautr\u00e4ger, Investoren, Institutionen, Unternehmen und Kulturschaffende bei der strategischen Kommunikation. Von der Redaktion und Gestaltung \u00fcber Pressearbeit bis zu kompletten PR-Kampagnen \u2013 wir liefern ma\u00dfgeschneiderten, professionell produzierten Content: Texte, Fotos, Visuals und Konzepte \u2013 aus einer Hand.<\/p>\n\n\n\n<p><strong>Unsere St\u00e4rke: Interdisziplin\u00e4res Arbeiten<\/strong><\/p>\n\n\n\n<p>winternitzmedia vereint journalistische Qualit\u00e4t, visuelle Exzellenz und strategisches Denken. Durch die enge Verzahnung unserer Gesch\u00e4ftsbereiche entstehen Inhalte, die informieren, ber\u00fchren und \u00fcberzeugen \u2013 stets mit dem Blick f\u00fcrs Wesentliche.<\/p>\n\n\n\n<p>winternitzmedia ist der richtige Partner f\u00fcr alle, die nicht nur Inhalte brauchen \u2013 sondern Inhalte, die etwas bewirken.<\/p>\n","protected":false},"excerpt":{"rendered":"<p>winternitzmedia produziert seit mehr als 20 Jahren professionelle Fotoaufnahmen f\u00fcr Architekturb\u00fcros, Innenarchitekten, Bauplaner, Bautr\u00e4ger, Immobilienverwerter, Immobilieneigent\u00fcmer, Denkmal- und Liegenschafts\u00e4mter, St\u00e4dte und Gemeinden sowie Vereine und Initiativen. Unsere fotografischen Arbeiten umfassen die Ressorts Architekturfotografie, Bau- und R\u00fcckbaudokumentation, Immobilienaufnahmen, Interieurfotografie, Baustellenfotografie, Geb\u00e4udeaufnahmen,<\/p>\n","protected":false},"author":1,"featured_media":0,"parent":0,"menu_order":0,"comment_status":"closed","ping_status":"closed","template":"","meta":{"ngg_post_thumbnail":0,"footnotes":""},"class_list":["post-15","page","type-page","status-publish","hentry"],"_links":{"self":[{"href":"https:\/\/winternitzmedia.de\/wm\/wp-json\/wp\/v2\/pages\/15","targetHints":{"allow":["GET"]}}],"collection":[{"href":"https:\/\/winternitzmedia.de\/wm\/wp-json\/wp\/v2\/pages"}],"about":[{"href":"https:\/\/winternitzmedia.de\/wm\/wp-json\/wp\/v2\/types\/page"}],"author":[{"embeddable":true,"href":"https:\/\/winternitzmedia.de\/wm\/wp-json\/wp\/v2\/users\/1"}],"replies":[{"embeddable":true,"href":"https:\/\/winternitzmedia.de\/wm\/wp-json\/wp\/v2\/comments?post=15"}],"version-history":[{"count":8,"href":"https:\/\/winternitzmedia.de\/wm\/wp-json\/wp\/v2\/pages\/15\/revisions"}],"predecessor-version":[{"id":438,"href":"https:\/\/winternitzmedia.de\/wm\/wp-json\/wp\/v2\/pages\/15\/revisions\/438"}],"wp:attachment":[{"href":"https:\/\/winternitzmedia.de\/wm\/wp-json\/wp\/v2\/media?parent=15"}],"curies":[{"name":"wp","href":"https:\/\/api.w.org\/{rel}","templated":true}]}}