{"id":25,"date":"2025-07-03T14:21:47","date_gmt":"2025-07-03T12:21:47","guid":{"rendered":"http:\/\/winternitzmedia.de\/wm\/?page_id=25"},"modified":"2025-07-09T13:31:09","modified_gmt":"2025-07-09T11:31:09","slug":"portale","status":"publish","type":"page","link":"https:\/\/winternitzmedia.de\/wm\/portale\/","title":{"rendered":"Portale"},"content":{"rendered":"\n<figure class=\"wp-block-image size-full\"><img loading=\"lazy\" decoding=\"async\" width=\"1130\" height=\"100\" src=\"https:\/\/winternitzmedia.de\/wm\/wp-content\/uploads\/2025\/07\/1130_sitetitle_eigenpor.jpg\" alt=\"\" class=\"wp-image-151\" srcset=\"https:\/\/winternitzmedia.de\/wm\/wp-content\/uploads\/2025\/07\/1130_sitetitle_eigenpor.jpg 1130w, https:\/\/winternitzmedia.de\/wm\/wp-content\/uploads\/2025\/07\/1130_sitetitle_eigenpor-300x27.jpg 300w, https:\/\/winternitzmedia.de\/wm\/wp-content\/uploads\/2025\/07\/1130_sitetitle_eigenpor-1024x91.jpg 1024w, https:\/\/winternitzmedia.de\/wm\/wp-content\/uploads\/2025\/07\/1130_sitetitle_eigenpor-768x68.jpg 768w\" sizes=\"auto, (max-width: 1130px) 100vw, 1130px\" \/><\/figure>\n\n\n\n<figure class=\"wp-block-image size-full\"><img loading=\"lazy\" decoding=\"async\" width=\"1130\" height=\"366\" src=\"https:\/\/winternitzmedia.de\/wm\/wp-content\/uploads\/2025\/07\/1130_projekte.jpg\" alt=\"\" class=\"wp-image-415\" srcset=\"https:\/\/winternitzmedia.de\/wm\/wp-content\/uploads\/2025\/07\/1130_projekte.jpg 1130w, https:\/\/winternitzmedia.de\/wm\/wp-content\/uploads\/2025\/07\/1130_projekte-300x97.jpg 300w, https:\/\/winternitzmedia.de\/wm\/wp-content\/uploads\/2025\/07\/1130_projekte-1024x332.jpg 1024w, https:\/\/winternitzmedia.de\/wm\/wp-content\/uploads\/2025\/07\/1130_projekte-768x249.jpg 768w\" sizes=\"auto, (max-width: 1130px) 100vw, 1130px\" \/><\/figure>\n\n\n\n<p class=\"has-medium-font-size\"><strong>Onlinemagazin rottenplaces.de<\/strong><\/p>\n\n\n\n<p>rottenplaces.de ist seit 2009 in den Weiten des Internets unterwegs. Das Onlinemagazin befasst sich mit der fotografischen und historischen Dokumentation und Archivierung verfallener, denkmalgesch\u00fctzter und nicht-denkmalgesch\u00fctzter Bauwerke sowie der Industriekultur in der Bundesrepublik. Es ist gleichzeitig das erste und einzige Spezialmagazin, das diese Themenbereiche abdeckt und b\u00fcndelt. rottenplaces.de hat weiter die gesamte Kulturgeschichte des industriellen Zeitalters und dar\u00fcber hinaus im Portfolio.<\/p>\n\n\n\n<p>Mit diversen Ressorts, tagesaktuellen Nachrichten, Terminank\u00fcndigungen, Rezensionen, Objektarchiv sowie zahlreichen Projekten erreicht das Portal eine breite Zielgruppe. Diese beinhaltet Internetuser aller Altersklassen, Bautr\u00e4ger, Investoren, Architekten, Beh\u00f6rden, Immobilienverwerter, Vereine, Initiativen und Verlage. rottenplaces.de ist, verpackt in ein modernes und ansprechendes Layout, unterhaltsam, spannend, \u00fcberparteilich und historisch wertvoll.<\/p>\n\n\n\n<p>Hier gelangen Sie direkt zum <a href=\"http:\/\/www.rottenplaces.de\" target=\"_blank\" rel=\"noreferrer noopener\">Onlinemagazin rottenplaces.de<\/a><\/p>\n\n\n\n<div style=\"height:20px\" aria-hidden=\"true\" class=\"wp-block-spacer\"><\/div>\n\n\n\n<div class=\"wp-block-columns is-layout-flex wp-container-core-columns-is-layout-9d6595d7 wp-block-columns-is-layout-flex\">\n<div class=\"wp-block-column is-layout-flow wp-block-column-is-layout-flow\">\n<p class=\"has-text-align-center has-white-color has-text-color has-background has-link-color wp-elements-32917fac20f5bb63b4f8d17eebbf8ba4\" style=\"background-color:#429538\">Der Mensch kommt nur dazu, etwas Eigenes aufzustellen, wenn er sich \u00fcberzeugt, dass das Vorhandene ihm nicht gen\u00fcgt hat.<br><em>Achim von Arnim, Schriftsteller<\/em><\/p>\n<\/div>\n<\/div>\n\n\n\n<div style=\"height:20px\" aria-hidden=\"true\" class=\"wp-block-spacer\"><\/div>\n\n\n\n<p class=\"has-medium-font-size\"><strong>Onlinemagazin krisenradar.org<\/strong><\/p>\n\n\n\n<p>In einer Welt voller Unsicherheiten und unerwarteter Ereignisse ist Krisenvorsorge mehr als nur ein Trend \u2013 sie ist eine Notwendigkeit. Unser Onlinemagazin bietet Ihnen alles, was Sie brauchen, um auf jede Krise vorbereitet zu sein, sei es ein Stromausfall, Naturkatastrophen oder wirtschaftliche Unsicherheiten.<\/p>\n\n\n\n<p>Wir glauben, dass Wissen Macht ist und dass Vorbereitung der Schl\u00fcssel zur Sicherheit ist. Unser Magazin bietet eine Plattform, auf der Leser wertvolle Informationen und praktische Ratschl\u00e4ge finden, um sich und ihre Familien zu sch\u00fctzen.<\/p>\n\n\n\n<p>Unser Onlinemagazin steht als Symbol demokratischer Werte und unabh\u00e4ngiger Berichterstattung. Unser Ziel ist es, eine Plattform zu bieten, um den Dialog in unserer Gesellschaft zu f\u00f6rdern und zu bereichern. Wir sind stolz darauf, unabh\u00e4ngig von wirtschaftlichen oder politischen Einfl\u00fcssen zu agieren. Diese Unabh\u00e4ngigkeit erlaubt es uns, kritisch und investigativ zu berichten, ohne Kompromisse bei der Wahrheit einzugehen. Unsere Autoren genie\u00dfen die Freiheit, ihre Gedanken und Ideen ohne Zensur zu \u00e4u\u00dfern.<\/p>\n\n\n\n<p>Mit unserem Onlinemagazin zur Krisenvorsorge sind Sie seit 2025 immer einen Schritt voraus. Informieren Sie sich, bereiten Sie sich vor und bleiben Sie sicher \u2013 egal, was die Zukunft bringt.<\/p>\n\n\n\n<p>Hier gelangen Sie direkt zum <a href=\"https:\/\/www.krisenradar.rog\" target=\"_blank\" rel=\"noreferrer noopener\">Onlinemagazin krisenradar.org<\/a><\/p>\n","protected":false},"excerpt":{"rendered":"<p>Onlinemagazin rottenplaces.de rottenplaces.de ist seit 2009 in den Weiten des Internets unterwegs. Das Onlinemagazin befasst sich mit der fotografischen und historischen Dokumentation und Archivierung verfallener, denkmalgesch\u00fctzter und nicht-denkmalgesch\u00fctzter Bauwerke sowie der Industriekultur in der Bundesrepublik. Es ist gleichzeitig das erste<\/p>\n","protected":false},"author":1,"featured_media":0,"parent":0,"menu_order":0,"comment_status":"closed","ping_status":"closed","template":"","meta":{"ngg_post_thumbnail":0,"footnotes":""},"class_list":["post-25","page","type-page","status-publish","hentry"],"_links":{"self":[{"href":"https:\/\/winternitzmedia.de\/wm\/wp-json\/wp\/v2\/pages\/25","targetHints":{"allow":["GET"]}}],"collection":[{"href":"https:\/\/winternitzmedia.de\/wm\/wp-json\/wp\/v2\/pages"}],"about":[{"href":"https:\/\/winternitzmedia.de\/wm\/wp-json\/wp\/v2\/types\/page"}],"author":[{"embeddable":true,"href":"https:\/\/winternitzmedia.de\/wm\/wp-json\/wp\/v2\/users\/1"}],"replies":[{"embeddable":true,"href":"https:\/\/winternitzmedia.de\/wm\/wp-json\/wp\/v2\/comments?post=25"}],"version-history":[{"count":11,"href":"https:\/\/winternitzmedia.de\/wm\/wp-json\/wp\/v2\/pages\/25\/revisions"}],"predecessor-version":[{"id":431,"href":"https:\/\/winternitzmedia.de\/wm\/wp-json\/wp\/v2\/pages\/25\/revisions\/431"}],"wp:attachment":[{"href":"https:\/\/winternitzmedia.de\/wm\/wp-json\/wp\/v2\/media?parent=25"}],"curies":[{"name":"wp","href":"https:\/\/api.w.org\/{rel}","templated":true}]}}