{"id":35,"date":"2025-07-03T14:24:23","date_gmt":"2025-07-03T12:24:23","guid":{"rendered":"http:\/\/winternitzmedia.de\/wm\/?page_id=35"},"modified":"2025-07-06T12:22:26","modified_gmt":"2025-07-06T10:22:26","slug":"startseite","status":"publish","type":"page","link":"https:\/\/winternitzmedia.de\/wm\/","title":{"rendered":"Startseite"},"content":{"rendered":"\n<figure class=\"wp-block-image size-full\"><img loading=\"lazy\" decoding=\"async\" width=\"1130\" height=\"300\" src=\"https:\/\/winternitzmedia.de\/wm\/wp-content\/uploads\/2025\/07\/1130_agentur3.jpg\" alt=\"\" class=\"wp-image-143\" srcset=\"https:\/\/winternitzmedia.de\/wm\/wp-content\/uploads\/2025\/07\/1130_agentur3.jpg 1130w, https:\/\/winternitzmedia.de\/wm\/wp-content\/uploads\/2025\/07\/1130_agentur3-300x80.jpg 300w, https:\/\/winternitzmedia.de\/wm\/wp-content\/uploads\/2025\/07\/1130_agentur3-1024x272.jpg 1024w, https:\/\/winternitzmedia.de\/wm\/wp-content\/uploads\/2025\/07\/1130_agentur3-768x204.jpg 768w\" sizes=\"auto, (max-width: 1130px) 100vw, 1130px\" \/><\/figure>\n\n\n\n<p>Herzlich Willkommen bei winternitzmedia. Wie k\u00f6nnen wir Ihnen helfen? <strong>Schauen Sie sich in Ruhe um<\/strong>. winternitzmedia produziert <strong>professionelle Fotoaufnahmen und entsprechende Dokumentationen<\/strong> f\u00fcr Architekturb\u00fcros, Innenarchitekten, Bauplaner, Bautr\u00e4ger, Immobilienverwerter, Immobilieneigent\u00fcmer, Denkmal- und Liegenschafts\u00e4mter, St\u00e4dte und Gemeinden sowie Vereine und Initiativen. Unsere fotografischen Arbeiten umfassen die Ressorts <strong>Architekturfotografie, Bau- und R\u00fcckbaudokumentation, Immobilienaufnahmen, Interieurfotografie, Baustellenfotografie, Geb\u00e4udeaufnahmen, denkmalpflegerische Fotodokumentation sowie Restaurierungs- bzw. Sanierungsdokumentation<\/strong>.<\/p>\n\n\n\n<div style=\"height:20px\" aria-hidden=\"true\" class=\"wp-block-spacer\"><\/div>\n\n\n\n<div class=\"wp-block-group is-layout-grid wp-container-core-group-is-layout-6be84c55 wp-block-group-is-layout-grid\">\n<figure class=\"wp-block-image size-full\"><a href=\"https:\/\/winternitzmedia.de\/wm\/verlag\/\"><img loading=\"lazy\" decoding=\"async\" width=\"550\" height=\"450\" src=\"https:\/\/winternitzmedia.de\/wm\/wp-content\/uploads\/2025\/07\/550_agentur.jpg\" alt=\"\" class=\"wp-image-101\" srcset=\"https:\/\/winternitzmedia.de\/wm\/wp-content\/uploads\/2025\/07\/550_agentur.jpg 550w, https:\/\/winternitzmedia.de\/wm\/wp-content\/uploads\/2025\/07\/550_agentur-300x245.jpg 300w\" sizes=\"auto, (max-width: 550px) 100vw, 550px\" \/><\/a><\/figure>\n\n\n\n<figure class=\"wp-block-image size-full\"><a href=\"https:\/\/winternitzmedia.de\/wm\/portale\/\"><img loading=\"lazy\" decoding=\"async\" width=\"550\" height=\"450\" src=\"https:\/\/winternitzmedia.de\/wm\/wp-content\/uploads\/2025\/07\/550_portale.jpg\" alt=\"\" class=\"wp-image-127\" srcset=\"https:\/\/winternitzmedia.de\/wm\/wp-content\/uploads\/2025\/07\/550_portale.jpg 550w, https:\/\/winternitzmedia.de\/wm\/wp-content\/uploads\/2025\/07\/550_portale-300x245.jpg 300w\" sizes=\"auto, (max-width: 550px) 100vw, 550px\" \/><\/a><\/figure>\n\n\n\n<figure class=\"wp-block-image size-full\"><a href=\"https:\/\/winternitzmedia.de\/wm\/architekturfotografie\/\"><img loading=\"lazy\" decoding=\"async\" width=\"550\" height=\"450\" src=\"https:\/\/winternitzmedia.de\/wm\/wp-content\/uploads\/2025\/07\/550_architektur.jpg\" alt=\"\" class=\"wp-image-114\" srcset=\"https:\/\/winternitzmedia.de\/wm\/wp-content\/uploads\/2025\/07\/550_architektur.jpg 550w, https:\/\/winternitzmedia.de\/wm\/wp-content\/uploads\/2025\/07\/550_architektur-300x245.jpg 300w\" sizes=\"auto, (max-width: 550px) 100vw, 550px\" \/><\/a><\/figure>\n<\/div>\n\n\n\n<figure class=\"wp-block-image size-full is-resized\"><img loading=\"lazy\" decoding=\"async\" width=\"1130\" height=\"300\" src=\"https:\/\/winternitzmedia.de\/wm\/wp-content\/uploads\/2025\/07\/1130_spruch3.jpg\" alt=\"\" class=\"wp-image-145\" style=\"width:1130px\" srcset=\"https:\/\/winternitzmedia.de\/wm\/wp-content\/uploads\/2025\/07\/1130_spruch3.jpg 1130w, https:\/\/winternitzmedia.de\/wm\/wp-content\/uploads\/2025\/07\/1130_spruch3-300x80.jpg 300w, https:\/\/winternitzmedia.de\/wm\/wp-content\/uploads\/2025\/07\/1130_spruch3-1024x272.jpg 1024w, https:\/\/winternitzmedia.de\/wm\/wp-content\/uploads\/2025\/07\/1130_spruch3-768x204.jpg 768w\" sizes=\"auto, (max-width: 1130px) 100vw, 1130px\" \/><\/figure>\n\n\n\n<div class=\"wp-block-group is-layout-grid wp-container-core-group-is-layout-6be84c55 wp-block-group-is-layout-grid\">\n<figure class=\"wp-block-image size-full\"><a href=\"https:\/\/winternitzmedia.de\/wm\/fotodokumentation\/\"><img loading=\"lazy\" decoding=\"async\" width=\"550\" height=\"450\" src=\"https:\/\/winternitzmedia.de\/wm\/wp-content\/uploads\/2025\/07\/550_fotodoku.jpg\" alt=\"\" class=\"wp-image-103\" srcset=\"https:\/\/winternitzmedia.de\/wm\/wp-content\/uploads\/2025\/07\/550_fotodoku.jpg 550w, https:\/\/winternitzmedia.de\/wm\/wp-content\/uploads\/2025\/07\/550_fotodoku-300x245.jpg 300w\" sizes=\"auto, (max-width: 550px) 100vw, 550px\" \/><\/a><\/figure>\n\n\n\n<figure class=\"wp-block-image size-full\"><a href=\"https:\/\/winternitzmedia.de\/wm\/public-relations\/\"><img loading=\"lazy\" decoding=\"async\" width=\"550\" height=\"450\" src=\"https:\/\/winternitzmedia.de\/wm\/wp-content\/uploads\/2025\/07\/550_publicrelation.jpg\" alt=\"\" class=\"wp-image-120\" srcset=\"https:\/\/winternitzmedia.de\/wm\/wp-content\/uploads\/2025\/07\/550_publicrelation.jpg 550w, https:\/\/winternitzmedia.de\/wm\/wp-content\/uploads\/2025\/07\/550_publicrelation-300x245.jpg 300w\" sizes=\"auto, (max-width: 550px) 100vw, 550px\" \/><\/a><\/figure>\n\n\n\n<figure class=\"wp-block-image size-full\"><a href=\"https:\/\/winternitzmedia.de\/wm\/category\/blog\/\"><img loading=\"lazy\" decoding=\"async\" width=\"550\" height=\"450\" src=\"https:\/\/winternitzmedia.de\/wm\/wp-content\/uploads\/2025\/07\/550_blog.jpg\" alt=\"\" class=\"wp-image-129\" srcset=\"https:\/\/winternitzmedia.de\/wm\/wp-content\/uploads\/2025\/07\/550_blog.jpg 550w, https:\/\/winternitzmedia.de\/wm\/wp-content\/uploads\/2025\/07\/550_blog-300x245.jpg 300w\" sizes=\"auto, (max-width: 550px) 100vw, 550px\" \/><\/a><\/figure>\n<\/div>\n","protected":false},"excerpt":{"rendered":"<p>Herzlich Willkommen bei winternitzmedia. Wie k\u00f6nnen wir Ihnen helfen? Schauen Sie sich in Ruhe um. winternitzmedia produziert professionelle Fotoaufnahmen und entsprechende Dokumentationen f\u00fcr Architekturb\u00fcros, Innenarchitekten, Bauplaner, Bautr\u00e4ger, Immobilienverwerter, Immobilieneigent\u00fcmer, Denkmal- und Liegenschafts\u00e4mter, St\u00e4dte und Gemeinden sowie Vereine und Initiativen. Unsere<\/p>\n","protected":false},"author":1,"featured_media":0,"parent":0,"menu_order":0,"comment_status":"closed","ping_status":"closed","template":"","meta":{"ngg_post_thumbnail":0,"footnotes":""},"class_list":["post-35","page","type-page","status-publish","hentry"],"_links":{"self":[{"href":"https:\/\/winternitzmedia.de\/wm\/wp-json\/wp\/v2\/pages\/35","targetHints":{"allow":["GET"]}}],"collection":[{"href":"https:\/\/winternitzmedia.de\/wm\/wp-json\/wp\/v2\/pages"}],"about":[{"href":"https:\/\/winternitzmedia.de\/wm\/wp-json\/wp\/v2\/types\/page"}],"author":[{"embeddable":true,"href":"https:\/\/winternitzmedia.de\/wm\/wp-json\/wp\/v2\/users\/1"}],"replies":[{"embeddable":true,"href":"https:\/\/winternitzmedia.de\/wm\/wp-json\/wp\/v2\/comments?post=35"}],"version-history":[{"count":30,"href":"https:\/\/winternitzmedia.de\/wm\/wp-json\/wp\/v2\/pages\/35\/revisions"}],"predecessor-version":[{"id":146,"href":"https:\/\/winternitzmedia.de\/wm\/wp-json\/wp\/v2\/pages\/35\/revisions\/146"}],"wp:attachment":[{"href":"https:\/\/winternitzmedia.de\/wm\/wp-json\/wp\/v2\/media?parent=35"}],"curies":[{"name":"wp","href":"https:\/\/api.w.org\/{rel}","templated":true}]}}