{"id":6,"date":"2025-07-03T14:09:49","date_gmt":"2025-07-03T12:09:49","guid":{"rendered":"http:\/\/winternitzmedia.de\/wm\/?page_id=6"},"modified":"2025-07-09T11:27:50","modified_gmt":"2025-07-09T09:27:50","slug":"kontakt","status":"publish","type":"page","link":"https:\/\/winternitzmedia.de\/wm\/kontakt\/","title":{"rendered":"Kontakt"},"content":{"rendered":"\n<figure class=\"wp-block-image size-full\"><img loading=\"lazy\" decoding=\"async\" width=\"1130\" height=\"100\" src=\"https:\/\/winternitzmedia.de\/wm\/wp-content\/uploads\/2025\/07\/1130_sitetitle_kontakt.jpg\" alt=\"\" class=\"wp-image-159\" srcset=\"https:\/\/winternitzmedia.de\/wm\/wp-content\/uploads\/2025\/07\/1130_sitetitle_kontakt.jpg 1130w, https:\/\/winternitzmedia.de\/wm\/wp-content\/uploads\/2025\/07\/1130_sitetitle_kontakt-300x27.jpg 300w, https:\/\/winternitzmedia.de\/wm\/wp-content\/uploads\/2025\/07\/1130_sitetitle_kontakt-1024x91.jpg 1024w, https:\/\/winternitzmedia.de\/wm\/wp-content\/uploads\/2025\/07\/1130_sitetitle_kontakt-768x68.jpg 768w\" sizes=\"auto, (max-width: 1130px) 100vw, 1130px\" \/><\/figure>\n\n\n\n<figure class=\"wp-block-image size-full\"><img loading=\"lazy\" decoding=\"async\" width=\"1200\" height=\"803\" src=\"https:\/\/winternitzmedia.de\/wm\/wp-content\/uploads\/2025\/07\/wm_contact_form.jpg\" alt=\"\" class=\"wp-image-410\" srcset=\"https:\/\/winternitzmedia.de\/wm\/wp-content\/uploads\/2025\/07\/wm_contact_form.jpg 1200w, https:\/\/winternitzmedia.de\/wm\/wp-content\/uploads\/2025\/07\/wm_contact_form-300x201.jpg 300w, https:\/\/winternitzmedia.de\/wm\/wp-content\/uploads\/2025\/07\/wm_contact_form-1024x685.jpg 1024w, https:\/\/winternitzmedia.de\/wm\/wp-content\/uploads\/2025\/07\/wm_contact_form-768x514.jpg 768w\" sizes=\"auto, (max-width: 1200px) 100vw, 1200px\" \/><\/figure>\n\n\n\n<p>Sie m\u00f6chten uns kontaktieren? Hier haben Sie die M\u00f6glichkeit dazu. WIr freuen uns auf Sie.<\/p>\n\n\n\n<p>F\u00fcllen Sie bitte die unten stehenden Formularfelder aus. Die mit dem roten Stern gekennzeichneten Felder sind Pflichtfelder.<br><\/p>\n\n\n<div class=\"wpforms-container wpforms-container-full wpforms-render-modern\" id=\"wpforms-402\"><form id=\"wpforms-form-402\" class=\"wpforms-validate wpforms-form wpforms-ajax-form\" data-formid=\"402\" method=\"post\" enctype=\"multipart\/form-data\" action=\"\/wm\/wp-json\/wp\/v2\/pages\/6\" data-token=\"5b68f8db12aa46292446aa7417d6a83e\" data-token-time=\"1778064087\"><noscript class=\"wpforms-error-noscript\">Bitte aktiviere JavaScript in deinem Browser, um dieses Formular fertigzustellen.<\/noscript><div id=\"wpforms-error-noscript\" style=\"display: none;\">Bitte aktiviere JavaScript in deinem Browser, um dieses Formular fertigzustellen.<\/div><div class=\"wpforms-field-container\">\t\t<div id=\"wpforms-402-field_4-container\"\n\t\t\tclass=\"wpforms-field wpforms-field-text\"\n\t\t\tdata-field-type=\"text\"\n\t\t\tdata-field-id=\"4\"\n\t\t\t>\n\t\t\t<label class=\"wpforms-field-label\" for=\"wpforms-402-field_4\" >Nachricht oder E-Mail-Adresse<\/label>\n\t\t\t<input type=\"text\" id=\"wpforms-402-field_4\" class=\"wpforms-field-medium\" name=\"wpforms[fields][4]\" >\n\t\t<\/div>\n\t\t<div id=\"wpforms-402-field_1-container\" class=\"wpforms-field wpforms-field-name\" data-field-id=\"1\"><fieldset><legend class=\"wpforms-field-label\">Name <span class=\"wpforms-required-label\" aria-hidden=\"true\">*<\/span><\/legend><div class=\"wpforms-field-row wpforms-field-medium\"><div class=\"wpforms-field-row-block wpforms-first wpforms-one-half\"><input type=\"text\" id=\"wpforms-402-field_1\" class=\"wpforms-field-name-first wpforms-field-required\" name=\"wpforms[fields][1][first]\" aria-errormessage=\"wpforms-402-field_1-error\" required><label for=\"wpforms-402-field_1\" class=\"wpforms-field-sublabel after\">Vorname<\/label><\/div><div class=\"wpforms-field-row-block wpforms-one-half\"><input type=\"text\" id=\"wpforms-402-field_1-last\" class=\"wpforms-field-name-last wpforms-field-required\" name=\"wpforms[fields][1][last]\" aria-errormessage=\"wpforms-402-field_1-last-error\" required><label for=\"wpforms-402-field_1-last\" class=\"wpforms-field-sublabel after\">Nachname<\/label><\/div><\/div><\/fieldset><\/div><div id=\"wpforms-402-field_2-container\" class=\"wpforms-field wpforms-field-email\" data-field-id=\"2\"><label class=\"wpforms-field-label\" for=\"wpforms-402-field_2\">E-Mail-Adresse <span class=\"wpforms-required-label\" aria-hidden=\"true\">*<\/span><\/label><input type=\"email\" id=\"wpforms-402-field_2\" class=\"wpforms-field-medium wpforms-field-required\" name=\"wpforms[fields][2]\" spellcheck=\"false\" aria-errormessage=\"wpforms-402-field_2-error\" required><\/div><div id=\"wpforms-402-field_3-container\" class=\"wpforms-field wpforms-field-textarea\" data-field-id=\"3\"><label class=\"wpforms-field-label\" for=\"wpforms-402-field_3\">Kommentar oder Nachricht<\/label><textarea id=\"wpforms-402-field_3\" class=\"wpforms-field-medium\" name=\"wpforms[fields][3]\" aria-errormessage=\"wpforms-402-field_3-error\" ><\/textarea><\/div><script>\n\t\t\t\t( function() {\n\t\t\t\t\tconst style = document.createElement( 'style' );\n\t\t\t\t\tstyle.appendChild( document.createTextNode( '#wpforms-402-field_4-container { position: absolute !important; overflow: hidden !important; display: inline !important; height: 1px !important; width: 1px !important; z-index: -1000 !important; padding: 0 !important; } #wpforms-402-field_4-container input { visibility: hidden; } #wpforms-conversational-form-page #wpforms-402-field_4-container label { counter-increment: none; }' ) );\n\t\t\t\t\tdocument.head.appendChild( style );\n\t\t\t\t\tdocument.currentScript?.remove();\n\t\t\t\t} )();\n\t\t\t<\/script><\/div><!-- .wpforms-field-container --><div class=\"wpforms-submit-container\" ><input type=\"hidden\" name=\"wpforms[id]\" value=\"402\"><input type=\"hidden\" name=\"page_title\" value=\"\"><input type=\"hidden\" name=\"page_url\" value=\"https:\/\/winternitzmedia.de\/wm\/wp-json\/wp\/v2\/pages\/6\"><input type=\"hidden\" name=\"url_referer\" value=\"\"><button type=\"submit\" name=\"wpforms[submit]\" id=\"wpforms-submit-402\" class=\"wpforms-submit\" data-alt-text=\"Wird gesendet\u00a0\u2026\" data-submit-text=\"Absenden\" aria-live=\"assertive\" value=\"wpforms-submit\">Absenden<\/button><img loading=\"lazy\" decoding=\"async\" src=\"https:\/\/winternitzmedia.de\/wm\/wp-content\/plugins\/wpforms-lite\/assets\/images\/submit-spin.svg\" class=\"wpforms-submit-spinner\" style=\"display: none;\" width=\"26\" height=\"26\" alt=\"Wird geladen\"><\/div><\/form><\/div>  <!-- .wpforms-container -->\n\n\n\n<p><\/p>\n","protected":false},"excerpt":{"rendered":"<p>Sie m\u00f6chten uns kontaktieren? Hier haben Sie die M\u00f6glichkeit dazu. WIr freuen uns auf Sie. F\u00fcllen Sie bitte die unten stehenden Formularfelder aus. Die mit dem roten Stern gekennzeichneten Felder sind Pflichtfelder.<\/p>\n","protected":false},"author":1,"featured_media":0,"parent":0,"menu_order":0,"comment_status":"closed","ping_status":"closed","template":"","meta":{"ngg_post_thumbnail":0,"footnotes":""},"class_list":["post-6","page","type-page","status-publish","hentry"],"_links":{"self":[{"href":"https:\/\/winternitzmedia.de\/wm\/wp-json\/wp\/v2\/pages\/6","targetHints":{"allow":["GET"]}}],"collection":[{"href":"https:\/\/winternitzmedia.de\/wm\/wp-json\/wp\/v2\/pages"}],"about":[{"href":"https:\/\/winternitzmedia.de\/wm\/wp-json\/wp\/v2\/types\/page"}],"author":[{"embeddable":true,"href":"https:\/\/winternitzmedia.de\/wm\/wp-json\/wp\/v2\/users\/1"}],"replies":[{"embeddable":true,"href":"https:\/\/winternitzmedia.de\/wm\/wp-json\/wp\/v2\/comments?post=6"}],"version-history":[{"count":6,"href":"https:\/\/winternitzmedia.de\/wm\/wp-json\/wp\/v2\/pages\/6\/revisions"}],"predecessor-version":[{"id":411,"href":"https:\/\/winternitzmedia.de\/wm\/wp-json\/wp\/v2\/pages\/6\/revisions\/411"}],"wp:attachment":[{"href":"https:\/\/winternitzmedia.de\/wm\/wp-json\/wp\/v2\/media?parent=6"}],"curies":[{"name":"wp","href":"https:\/\/api.w.org\/{rel}","templated":true}]}}